{"id":14059,"date":"2020-08-06T13:17:48","date_gmt":"2020-08-06T11:17:48","guid":{"rendered":"http:\/\/www.hth-pyrotec.at\/wp\/?post_type=product&#038;p=14059"},"modified":"2024-09-08T14:41:32","modified_gmt":"2024-09-08T12:41:32","slug":"seenotfackel-mit-reisszuender-rot","status":"publish","type":"product","link":"https:\/\/www.hth-pyrotec.at\/wp\/shop\/seenotfackel-mit-reisszuender-rot\/","title":{"rendered":"Seenotfackel mit Reissz\u00fcnder rot"},"content":{"rendered":"<p>Brenndauer 1 Minute, jetzt auch in gr\u00fcn und wei\u00df erh\u00e4ltlich!!<\/p>\n","protected":false},"excerpt":{"rendered":"<p>Brenndauer 1 Minute, jetzt auch in gr\u00fcn und wei\u00df erh\u00e4ltlich!!<\/p>\n","protected":false},"featured_media":5085,"comment_status":"closed","ping_status":"closed","template":"","meta":[],"product_brand":[],"product_cat":[195],"product_tag":[],"class_list":{"0":"post-14059","1":"product","2":"type-product","3":"status-publish","4":"has-post-thumbnail","6":"product_cat-bengal-u-leuchtartikel","8":"first","9":"instock","10":"taxable","11":"shipping-taxable","12":"purchasable","13":"product-type-simple"},"yoast_head":"<!-- This site is optimized with the Yoast SEO plugin v27.4 - https:\/\/yoast.com\/product\/yoast-seo-wordpress\/ -->\n<title>Seenotfackel mit Reissz\u00fcnder rot - HTH pyrotec - Feuerwerke<\/title>\n<meta name=\"robots\" content=\"index, follow, max-snippet:-1, max-image-preview:large, max-video-preview:-1\" \/>\n<link rel=\"canonical\" href=\"https:\/\/www.shop.hth-pyrotec.at\/wp\/shop\/seenotfackel-mit-reisszuender-rot\/\" \/>\n<meta property=\"og:locale\" content=\"de_DE\" \/>\n<meta property=\"og:type\" content=\"article\" \/>\n<meta property=\"og:title\" content=\"Seenotfackel mit Reissz\u00fcnder rot - HTH pyrotec - Feuerwerke\" \/>\n<meta property=\"og:description\" content=\"Brenndauer 1 Minute, jetzt auch in gr\u00fcn und wei\u00df erh\u00e4ltlich!!\" \/>\n<meta property=\"og:url\" content=\"https:\/\/www.shop.hth-pyrotec.at\/wp\/shop\/seenotfackel-mit-reisszuender-rot\/\" \/>\n<meta property=\"og:site_name\" content=\"HTH pyrotec - Feuerwerke\" \/>\n<meta property=\"article:publisher\" content=\"https:\/\/www.facebook.com\/hthpyrotec\" \/>\n<meta property=\"article:modified_time\" content=\"2024-09-08T12:41:32+00:00\" \/>\n<meta property=\"og:image\" content=\"https:\/\/www.shop.hth-pyrotec.at\/wp\/wp-content\/uploads\/2014\/10\/20141022_193620-e1414001287858.jpg\" \/>\n\t<meta property=\"og:image:width\" content=\"931\" \/>\n\t<meta property=\"og:image:height\" content=\"320\" \/>\n\t<meta property=\"og:image:type\" content=\"image\/jpeg\" \/>\n<meta name=\"twitter:card\" content=\"summary_large_image\" \/>\n<script type=\"application\/ld+json\" class=\"yoast-schema-graph\">{\"@context\":\"https:\\\/\\\/schema.org\",\"@graph\":[{\"@type\":\"WebPage\",\"@id\":\"https:\\\/\\\/www.shop.hth-pyrotec.at\\\/wp\\\/shop\\\/seenotfackel-mit-reisszuender-rot\\\/\",\"url\":\"https:\\\/\\\/www.shop.hth-pyrotec.at\\\/wp\\\/shop\\\/seenotfackel-mit-reisszuender-rot\\\/\",\"name\":\"Seenotfackel mit Reissz\u00fcnder rot - HTH pyrotec - Feuerwerke\",\"isPartOf\":{\"@id\":\"https:\\\/\\\/www.hth-pyrotec.at\\\/wp\\\/#website\"},\"primaryImageOfPage\":{\"@id\":\"https:\\\/\\\/www.shop.hth-pyrotec.at\\\/wp\\\/shop\\\/seenotfackel-mit-reisszuender-rot\\\/#primaryimage\"},\"image\":{\"@id\":\"https:\\\/\\\/www.shop.hth-pyrotec.at\\\/wp\\\/shop\\\/seenotfackel-mit-reisszuender-rot\\\/#primaryimage\"},\"thumbnailUrl\":\"https:\\\/\\\/www.hth-pyrotec.at\\\/wp\\\/wp-content\\\/uploads\\\/2014\\\/10\\\/20141022_193620-e1414001287858.jpg\",\"datePublished\":\"2020-08-06T11:17:48+00:00\",\"dateModified\":\"2024-09-08T12:41:32+00:00\",\"breadcrumb\":{\"@id\":\"https:\\\/\\\/www.shop.hth-pyrotec.at\\\/wp\\\/shop\\\/seenotfackel-mit-reisszuender-rot\\\/#breadcrumb\"},\"inLanguage\":\"de\",\"potentialAction\":[{\"@type\":\"ReadAction\",\"target\":[\"https:\\\/\\\/www.shop.hth-pyrotec.at\\\/wp\\\/shop\\\/seenotfackel-mit-reisszuender-rot\\\/\"]}]},{\"@type\":\"ImageObject\",\"inLanguage\":\"de\",\"@id\":\"https:\\\/\\\/www.shop.hth-pyrotec.at\\\/wp\\\/shop\\\/seenotfackel-mit-reisszuender-rot\\\/#primaryimage\",\"url\":\"https:\\\/\\\/www.hth-pyrotec.at\\\/wp\\\/wp-content\\\/uploads\\\/2014\\\/10\\\/20141022_193620-e1414001287858.jpg\",\"contentUrl\":\"https:\\\/\\\/www.hth-pyrotec.at\\\/wp\\\/wp-content\\\/uploads\\\/2014\\\/10\\\/20141022_193620-e1414001287858.jpg\",\"width\":931,\"height\":320},{\"@type\":\"BreadcrumbList\",\"@id\":\"https:\\\/\\\/www.shop.hth-pyrotec.at\\\/wp\\\/shop\\\/seenotfackel-mit-reisszuender-rot\\\/#breadcrumb\",\"itemListElement\":[{\"@type\":\"ListItem\",\"position\":1,\"name\":\"Startseite\",\"item\":\"https:\\\/\\\/www.hth-pyrotec.at\\\/wp\\\/\"},{\"@type\":\"ListItem\",\"position\":2,\"name\":\"HTH pyrotec Online Shop\",\"item\":\"https:\\\/\\\/www.hth-pyrotec.at\\\/wp\\\/shop\\\/\"},{\"@type\":\"ListItem\",\"position\":3,\"name\":\"Seenotfackel mit Reissz\u00fcnder rot\"}]},{\"@type\":\"WebSite\",\"@id\":\"https:\\\/\\\/www.hth-pyrotec.at\\\/wp\\\/#website\",\"url\":\"https:\\\/\\\/www.hth-pyrotec.at\\\/wp\\\/\",\"name\":\"HTH pyrotec - Feuerwerke\",\"description\":\"Ein unvergessliches Erlebnis f\u00fcr Sie und Ihre G\u00e4ste\",\"publisher\":{\"@id\":\"https:\\\/\\\/www.hth-pyrotec.at\\\/wp\\\/#organization\"},\"potentialAction\":[{\"@type\":\"SearchAction\",\"target\":{\"@type\":\"EntryPoint\",\"urlTemplate\":\"https:\\\/\\\/www.hth-pyrotec.at\\\/wp\\\/?s={search_term_string}\"},\"query-input\":{\"@type\":\"PropertyValueSpecification\",\"valueRequired\":true,\"valueName\":\"search_term_string\"}}],\"inLanguage\":\"de\"},{\"@type\":\"Organization\",\"@id\":\"https:\\\/\\\/www.hth-pyrotec.at\\\/wp\\\/#organization\",\"name\":\"HTH pyrotec - Feuerwerke\",\"url\":\"https:\\\/\\\/www.hth-pyrotec.at\\\/wp\\\/\",\"logo\":{\"@type\":\"ImageObject\",\"inLanguage\":\"de\",\"@id\":\"https:\\\/\\\/www.hth-pyrotec.at\\\/wp\\\/#\\\/schema\\\/logo\\\/image\\\/\",\"url\":\"http:\\\/\\\/www.hth-pyrotec.at\\\/wp\\\/wp-content\\\/uploads\\\/2013\\\/09\\\/hth_rund-quadratischer-bereich-ohne-Schlagschatten-fb-b300.jpg\",\"contentUrl\":\"http:\\\/\\\/www.hth-pyrotec.at\\\/wp\\\/wp-content\\\/uploads\\\/2013\\\/09\\\/hth_rund-quadratischer-bereich-ohne-Schlagschatten-fb-b300.jpg\",\"width\":300,\"height\":300,\"caption\":\"HTH pyrotec - Feuerwerke\"},\"image\":{\"@id\":\"https:\\\/\\\/www.hth-pyrotec.at\\\/wp\\\/#\\\/schema\\\/logo\\\/image\\\/\"},\"sameAs\":[\"https:\\\/\\\/www.facebook.com\\\/hthpyrotec\"]}]}<\/script>\n<!-- \/ Yoast SEO plugin. -->","yoast_head_json":{"title":"Seenotfackel mit Reissz\u00fcnder rot - HTH pyrotec - Feuerwerke","robots":{"index":"index","follow":"follow","max-snippet":"max-snippet:-1","max-image-preview":"max-image-preview:large","max-video-preview":"max-video-preview:-1"},"canonical":"https:\/\/www.shop.hth-pyrotec.at\/wp\/shop\/seenotfackel-mit-reisszuender-rot\/","og_locale":"de_DE","og_type":"article","og_title":"Seenotfackel mit Reissz\u00fcnder rot - HTH pyrotec - Feuerwerke","og_description":"Brenndauer 1 Minute, jetzt auch in gr\u00fcn und wei\u00df erh\u00e4ltlich!!","og_url":"https:\/\/www.shop.hth-pyrotec.at\/wp\/shop\/seenotfackel-mit-reisszuender-rot\/","og_site_name":"HTH pyrotec - Feuerwerke","article_publisher":"https:\/\/www.facebook.com\/hthpyrotec","article_modified_time":"2024-09-08T12:41:32+00:00","og_image":[{"width":931,"height":320,"url":"https:\/\/www.shop.hth-pyrotec.at\/wp\/wp-content\/uploads\/2014\/10\/20141022_193620-e1414001287858.jpg","type":"image\/jpeg"}],"twitter_card":"summary_large_image","schema":{"@context":"https:\/\/schema.org","@graph":[{"@type":"WebPage","@id":"https:\/\/www.shop.hth-pyrotec.at\/wp\/shop\/seenotfackel-mit-reisszuender-rot\/","url":"https:\/\/www.shop.hth-pyrotec.at\/wp\/shop\/seenotfackel-mit-reisszuender-rot\/","name":"Seenotfackel mit Reissz\u00fcnder rot - HTH pyrotec - Feuerwerke","isPartOf":{"@id":"https:\/\/www.hth-pyrotec.at\/wp\/#website"},"primaryImageOfPage":{"@id":"https:\/\/www.shop.hth-pyrotec.at\/wp\/shop\/seenotfackel-mit-reisszuender-rot\/#primaryimage"},"image":{"@id":"https:\/\/www.shop.hth-pyrotec.at\/wp\/shop\/seenotfackel-mit-reisszuender-rot\/#primaryimage"},"thumbnailUrl":"https:\/\/www.hth-pyrotec.at\/wp\/wp-content\/uploads\/2014\/10\/20141022_193620-e1414001287858.jpg","datePublished":"2020-08-06T11:17:48+00:00","dateModified":"2024-09-08T12:41:32+00:00","breadcrumb":{"@id":"https:\/\/www.shop.hth-pyrotec.at\/wp\/shop\/seenotfackel-mit-reisszuender-rot\/#breadcrumb"},"inLanguage":"de","potentialAction":[{"@type":"ReadAction","target":["https:\/\/www.shop.hth-pyrotec.at\/wp\/shop\/seenotfackel-mit-reisszuender-rot\/"]}]},{"@type":"ImageObject","inLanguage":"de","@id":"https:\/\/www.shop.hth-pyrotec.at\/wp\/shop\/seenotfackel-mit-reisszuender-rot\/#primaryimage","url":"https:\/\/www.hth-pyrotec.at\/wp\/wp-content\/uploads\/2014\/10\/20141022_193620-e1414001287858.jpg","contentUrl":"https:\/\/www.hth-pyrotec.at\/wp\/wp-content\/uploads\/2014\/10\/20141022_193620-e1414001287858.jpg","width":931,"height":320},{"@type":"BreadcrumbList","@id":"https:\/\/www.shop.hth-pyrotec.at\/wp\/shop\/seenotfackel-mit-reisszuender-rot\/#breadcrumb","itemListElement":[{"@type":"ListItem","position":1,"name":"Startseite","item":"https:\/\/www.hth-pyrotec.at\/wp\/"},{"@type":"ListItem","position":2,"name":"HTH pyrotec Online Shop","item":"https:\/\/www.hth-pyrotec.at\/wp\/shop\/"},{"@type":"ListItem","position":3,"name":"Seenotfackel mit Reissz\u00fcnder rot"}]},{"@type":"WebSite","@id":"https:\/\/www.hth-pyrotec.at\/wp\/#website","url":"https:\/\/www.hth-pyrotec.at\/wp\/","name":"HTH pyrotec - Feuerwerke","description":"Ein unvergessliches Erlebnis f\u00fcr Sie und Ihre G\u00e4ste","publisher":{"@id":"https:\/\/www.hth-pyrotec.at\/wp\/#organization"},"potentialAction":[{"@type":"SearchAction","target":{"@type":"EntryPoint","urlTemplate":"https:\/\/www.hth-pyrotec.at\/wp\/?s={search_term_string}"},"query-input":{"@type":"PropertyValueSpecification","valueRequired":true,"valueName":"search_term_string"}}],"inLanguage":"de"},{"@type":"Organization","@id":"https:\/\/www.hth-pyrotec.at\/wp\/#organization","name":"HTH pyrotec - Feuerwerke","url":"https:\/\/www.hth-pyrotec.at\/wp\/","logo":{"@type":"ImageObject","inLanguage":"de","@id":"https:\/\/www.hth-pyrotec.at\/wp\/#\/schema\/logo\/image\/","url":"http:\/\/www.hth-pyrotec.at\/wp\/wp-content\/uploads\/2013\/09\/hth_rund-quadratischer-bereich-ohne-Schlagschatten-fb-b300.jpg","contentUrl":"http:\/\/www.hth-pyrotec.at\/wp\/wp-content\/uploads\/2013\/09\/hth_rund-quadratischer-bereich-ohne-Schlagschatten-fb-b300.jpg","width":300,"height":300,"caption":"HTH pyrotec - Feuerwerke"},"image":{"@id":"https:\/\/www.hth-pyrotec.at\/wp\/#\/schema\/logo\/image\/"},"sameAs":["https:\/\/www.facebook.com\/hthpyrotec"]}]}},"_links":{"self":[{"href":"https:\/\/www.hth-pyrotec.at\/wp\/wp-json\/wp\/v2\/product\/14059","targetHints":{"allow":["GET"]}}],"collection":[{"href":"https:\/\/www.hth-pyrotec.at\/wp\/wp-json\/wp\/v2\/product"}],"about":[{"href":"https:\/\/www.hth-pyrotec.at\/wp\/wp-json\/wp\/v2\/types\/product"}],"replies":[{"embeddable":true,"href":"https:\/\/www.hth-pyrotec.at\/wp\/wp-json\/wp\/v2\/comments?post=14059"}],"wp:featuredmedia":[{"embeddable":true,"href":"https:\/\/www.hth-pyrotec.at\/wp\/wp-json\/wp\/v2\/media\/5085"}],"wp:attachment":[{"href":"https:\/\/www.hth-pyrotec.at\/wp\/wp-json\/wp\/v2\/media?parent=14059"}],"wp:term":[{"taxonomy":"product_brand","embeddable":true,"href":"https:\/\/www.hth-pyrotec.at\/wp\/wp-json\/wp\/v2\/product_brand?post=14059"},{"taxonomy":"product_cat","embeddable":true,"href":"https:\/\/www.hth-pyrotec.at\/wp\/wp-json\/wp\/v2\/product_cat?post=14059"},{"taxonomy":"product_tag","embeddable":true,"href":"https:\/\/www.hth-pyrotec.at\/wp\/wp-json\/wp\/v2\/product_tag?post=14059"}],"curies":[{"name":"wp","href":"https:\/\/api.w.org\/{rel}","templated":true}]}}